{"id":14468,"date":"2014-03-28T10:11:36","date_gmt":"2014-03-28T10:11:36","guid":{"rendered":"http:\/\/demo.qodeinteractive.com\/bridge\/?page_id=14468"},"modified":"2021-05-10T12:57:55","modified_gmt":"2021-05-10T10:57:55","slug":"home-7","status":"publish","type":"page","link":"https:\/\/www.novomedgroup.com\/?lang=fr","title":{"rendered":"NovomedGroup Innovating for a better healthcare\u2026"},"content":{"rendered":"<p>[vc_row css_animation=&#8221;&#8221; row_type=&#8221;row&#8221; use_row_as_full_screen_section=&#8221;no&#8221; type=&#8221;grid&#8221; angled_section=&#8221;no&#8221; text_align=&#8221;left&#8221; background_image_as_pattern=&#8221;without_pattern&#8221; background_color=&#8221;#ffffff&#8221; padding_top=&#8221;87&#8243; padding_bottom=&#8221;34&#8243; el_id=&#8221;groupe&#8221; z_index=&#8221;&#8221;][vc_column][vc_column_text]<\/p>\n<h2 style=\"text-align: center;\">Le groupe Novomed<\/h2>\n<p>[\/vc_column_text][vc_separator type=&#8221;small&#8221; position=&#8221;center&#8221; up=&#8221;7&#8243; down=&#8221;38&#8243;][vc_column_text]Fond\u00e9 en 1993, Novomed Group est le<strong> n\u00b01 fran\u00e7ais de la conception et de la distribution par correspondance de mat\u00e9riel m\u00e9dical<\/strong> aupr\u00e8s des professionnels de sant\u00e9, m\u00e9decins lib\u00e9raux et hospitaliers.<\/p>\n<p>&nbsp;<\/p>\n<p><strong>Aujourd\u2019hui, Novomed s\u2019est d\u00e9velopp\u00e9 sur l\u2019ensemble des segments m\u00e9dicaux<\/strong>\u00a0: hospitalier, m\u00e9decine lib\u00e9rale g\u00e9n\u00e9raliste et sp\u00e9cialis\u00e9e, centres de soins, mais aussi entreprises, administrations&#8230;<\/p>\n<p>&nbsp;<\/p>\n<p>Novomed a \u00e9t\u00e9 particuli\u00e8rement sollicit\u00e9 et r\u00e9actif pendant la <strong>crise du covid-19<\/strong> pour faire face \u00e0 une <strong>demande sans pr\u00e9c\u00e9dent d\u2019\u00e9quipements de protection individuelle<\/strong>.<\/p>\n<p>Des consommables aux mat\u00e9riels de haute technologie, Novomed propose plus de <strong>12\u00a0000 r\u00e9f\u00e9rences<\/strong>, autour de 6 entit\u00e9s sp\u00e9cialis\u00e9es sur des segments m\u00e9dicaux.<\/p>\n<p style=\"text-align: center; margin-top: 30px;\"><a  itemprop=\"url\" href=\"\/groupe-novomed-materiel-medical\/\" target=\"_self\" data-hover-background-color=#fff data-hover-border-color=#21308c data-hover-color=#21308c class=\"qbutton  center default\" style=\"color: #ffffff; border-color: #21308c; background-color: #21308c;\">En savoir plus<\/a><\/p>\n<p>[\/vc_column_text][vc_separator type=&#8221;transparent&#8221; up=&#8221;35&#8243; down=&#8221;22&#8243;][vc_separator type=&#8221;transparent&#8221; up=&#8221;-35&#8243; down=&#8221;0&#8243;][\/vc_column][\/vc_row][vc_row row_type=&#8221;parallax&#8221; parallax_content_width=&#8221;in_grid&#8221; anchor=&#8221;counters&#8221; text_align=&#8221;left&#8221; background_image=&#8221;14984&#8243; full_screen_section_height=&#8221;no&#8221; section_height=&#8221;400&#8243;][vc_column][vc_row_inner row_type=&#8221;row&#8221; type=&#8221;full_width&#8221; text_align=&#8221;left&#8221; padding_top=&#8221;100&#8243; css_animation=&#8221;&#8221;][vc_column_inner width=&#8221;1\/5&#8243;]<div class=\"q_counter_holder  center\" style=\"\"><span class=\"counter  zero\" style=\"color: #303030;font-size: 50px;font-weight: 600;\">180<\/span><span class=\"separator small\" style=\"background-color: #303030;\"><\/span><p class=\"counter_text\" style=\"font-weight: 600;color: #303030;\">COLLABORATEURS<\/p><\/div>[vc_separator type=&#8221;transparent&#8221; up=&#8221;60&#8243; down=&#8221;2&#8243;][\/vc_column_inner][vc_column_inner width=&#8221;1\/5&#8243;]<div class=\"q_counter_holder  center\" style=\"\"><span class=\"counter  zero\" style=\"color: #303030;font-size: 50px;font-weight: 600;\">12000<\/span><span class=\"separator small\" style=\"background-color: #303030;\"><\/span><p class=\"counter_text\" style=\"font-weight: 600;color: #303030;\">PRODUITS<\/p><\/div>[vc_separator type=&#8221;transparent&#8221; up=&#8221;60&#8243; down=&#8221;2&#8243;][\/vc_column_inner][vc_column_inner width=&#8221;1\/5&#8243;]<div class=\"q_counter_holder  center\" style=\"\"><span class=\"counter  zero\" style=\"color: #303030;font-size: 50px;font-weight: 600;\">2<\/span><span class=\"separator small\" style=\"background-color: #303030;\"><\/span><p class=\"counter_text\" style=\"font-weight: 600;color: #303030;\">USINES DE FABRICATION<\/p><\/div>[\/vc_column_inner][vc_column_inner width=&#8221;1\/5&#8243;]<div class=\"q_counter_holder  center\" style=\"\"><span class=\"counter  zero\" style=\"color: #303030;font-size: 50px;font-weight: 600;\">26<\/span><span class=\"separator small\" style=\"background-color: #303030;\"><\/span><p class=\"counter_text\" style=\"font-weight: 600;color: #303030;\">PAYS<\/p><\/div>[\/vc_column_inner][vc_column_inner width=&#8221;1\/5&#8243;]<div class=\"q_counter_holder  center\" style=\"\"><span class=\"counter  zero\" style=\"color: #303030;font-size: 50px;font-weight: 600;\">4<\/span><span class=\"separator small\" style=\"background-color: #303030;\"><\/span><p class=\"counter_text\" style=\"font-weight: 600;color: #303030;\">SITES LOGISTIQUES<\/p><\/div>[\/vc_column_inner][\/vc_row_inner][\/vc_column][\/vc_row][vc_row css_animation=&#8221;&#8221; row_type=&#8221;row&#8221; use_row_as_full_screen_section=&#8221;no&#8221; type=&#8221;grid&#8221; angled_section=&#8221;no&#8221; text_align=&#8221;left&#8221; background_image_as_pattern=&#8221;without_pattern&#8221; background_color=&#8221;#ffffff&#8221; padding_top=&#8221;46&#8243; padding_bottom=&#8221;49&#8243;][vc_column][vc_column_text]<\/p>\n<h2 style=\"text-align: center;\">Nos marques<\/h2>\n<p>[\/vc_column_text][vc_separator type=&#8221;small&#8221; position=&#8221;center&#8221; up=&#8221;7&#8243; down=&#8221;45&#8243;]<div class='qode_carousels_holder clearfix'><div class='qode_carousels' data-number-of-visible-items=''><ul class='slides'><li class='item'><div class=\"carousel_item_holder\"><a itemprop='url' href='https:\/\/kinessonne.com\/' target='_blank'><span class='first_image_holder has_hover_image'><img decoding=\"async\" itemprop=\"image\" src=\"https:\/\/www.novomedgroup.com\/wp-content\/uploads\/2019\/04\/kinessonne.jpg\" alt=\"carousel image\" \/><\/span><span class='second_image_holder has_hover_image'><img decoding=\"async\" itemprop=\"image\" src=\"http:\/\/www.novomed.fr\/wp-content\/uploads\/2019\/04\/kinessonne.jpg\" alt=\"carousel image\" \/><\/span><\/a><\/div><\/li><li class='item'><div class=\"carousel_item_holder\"><a itemprop='url' href='https:\/\/www.nmmedical.fr\/' target='_blank'><span class='first_image_holder has_hover_image'><img decoding=\"async\" itemprop=\"image\" src=\"https:\/\/www.novomedgroup.com\/wp-content\/uploads\/2019\/04\/nm-medical.jpg\" alt=\"carousel image\" \/><\/span><span class='second_image_holder has_hover_image'><img decoding=\"async\" itemprop=\"image\" src=\"http:\/\/www.novomed.fr\/wp-content\/uploads\/2019\/04\/nm-medical.jpg\" alt=\"carousel image\" \/><\/span><\/a><\/div><\/li><li class='item'><div class=\"carousel_item_holder\"><a itemprop='url' href='https:\/\/www.laboderm.fr\/' target='_blank'><span class='first_image_holder has_hover_image'><img decoding=\"async\" itemprop=\"image\" src=\"https:\/\/www.novomedgroup.com\/wp-content\/uploads\/2019\/04\/laboderm.jpg\" alt=\"carousel image\" \/><\/span><span class='second_image_holder has_hover_image'><img decoding=\"async\" itemprop=\"image\" src=\"http:\/\/www.novomed.fr\/wp-content\/uploads\/2019\/04\/laboderm.jpg\" alt=\"carousel image\" \/><\/span><\/a><\/div><\/li><li class='item'><div class=\"carousel_item_holder\"><a itemprop='url' href='https:\/\/www.gyneas.com' target='_blank'><span class='first_image_holder has_hover_image'><img decoding=\"async\" itemprop=\"image\" src=\"https:\/\/www.novomedgroup.com\/wp-content\/uploads\/2019\/04\/gyneas.jpg\" alt=\"carousel image\" \/><\/span><span class='second_image_holder has_hover_image'><img decoding=\"async\" itemprop=\"image\" src=\"http:\/\/www.novomed.fr\/wp-content\/uploads\/2019\/04\/gyneas.jpg\" alt=\"carousel image\" \/><\/span><\/a><\/div><\/li><li class='item'><div class=\"carousel_item_holder\"><a itemprop='url' href='https:\/\/lch-medical.com\/' target='_blank'><span class='first_image_holder has_hover_image'><img decoding=\"async\" itemprop=\"image\" src=\"https:\/\/www.novomedgroup.com\/wp-content\/uploads\/2019\/04\/lch.jpg\" alt=\"carousel image\" \/><\/span><span class='second_image_holder has_hover_image'><img decoding=\"async\" itemprop=\"image\" src=\"http:\/\/www.novomed.fr\/wp-content\/uploads\/2019\/04\/lch.jpg\" alt=\"carousel image\" \/><\/span><\/a><\/div><\/li><\/ul><\/div><\/div>[\/vc_column][\/vc_row][vc_row css_animation=&#8221;&#8221; row_type=&#8221;row&#8221; use_row_as_full_screen_section=&#8221;no&#8221; type=&#8221;grid&#8221; angled_section=&#8221;no&#8221; text_align=&#8221;left&#8221; background_image_as_pattern=&#8221;without_pattern&#8221; background_color=&#8221;#ffffff&#8221; padding_top=&#8221;87&#8243; padding_bottom=&#8221;34&#8243;][vc_column][vc_column_text]<\/p>\n<h2 style=\"text-align: center;\">Notre pr\u00e9sence<\/h2>\n<p>[\/vc_column_text][vc_separator type=&#8221;small&#8221; position=&#8221;center&#8221; up=&#8221;7&#8243; down=&#8221;45&#8243;][vc_row_inner row_type=&#8221;row&#8221; type=&#8221;full_width&#8221; text_align=&#8221;left&#8221; css_animation=&#8221;&#8221;][vc_column_inner width=&#8221;1\/3&#8243;]<div class='q_icon_with_title medium normal_icon '><div class=\"icon_holder q_icon_animation\" style=\" transition-delay: 100ms; -webkit-transition-delay: 100ms; -moz-transition-delay: 100ms; -o-transition-delay: 100ms;\"><span data-icon-type=\"normal\"   style=\"font-size: 38px;\" class=\"qode_iwt_icon_holder q_font_awsome_icon fa-3x  \"><i class=\"qode_icon_font_awesome fa fa-user-md qode_iwt_icon_element\" style=\"color: #c0c0c0;\" ><\/i><\/span><\/div><div class=\"icon_text_holder\" style=\"\"><div class=\"icon_text_inner\" style=\"\"><h5 class=\"icon_title\" style=\"\">Lib\u00e9ral : multi-sp\u00e9cialit\u00e9s<\/h5><p style=''>M\u00e9decins g\u00e9n\u00e9ralistes, gyn\u00e9cologues, dermatologues, kin\u00e9sith\u00e9rapeutes, sages-femmes, infirmi\u00e8res, m\u00e9decins esth\u00e9tiques, autres sp\u00e9cialit\u00e9s<\/p><\/div><\/div><\/div>[vc_separator type=&#8221;transparent&#8221; up=&#8221;26&#8243; down=&#8221;0&#8243;][\/vc_column_inner][vc_column_inner width=&#8221;1\/3&#8243;]<div class='q_icon_with_title medium normal_icon '><div class=\"icon_holder q_icon_animation\" style=\" transition-delay: 200ms; -webkit-transition-delay: 200ms; -moz-transition-delay: 200ms; -o-transition-delay: 200ms;\"><span data-icon-type=\"normal\"   style=\"font-size: 38px;\" class=\"qode_iwt_icon_holder q_font_awsome_icon fa-3x  \"><i class=\"qode_icon_font_awesome fa fa-hospital-o qode_iwt_icon_element\" style=\"color: #c0c0c0;\" ><\/i><\/span><\/div><div class=\"icon_text_holder\" style=\"\"><div class=\"icon_text_inner\" style=\"\"><h5 class=\"icon_title\" style=\"\">H\u00f4pital&amp;Clinique : multi-structure &amp; services<\/h5><p style=''>AO\/Groupement, Urgences, chirurgie, maternit\u00e9, \u00e9chographie, radiologie, r\u00e9\u00e9ducation,\u2026<\/p><\/div><\/div><\/div>[vc_separator type=&#8221;transparent&#8221; up=&#8221;26&#8243; down=&#8221;0&#8243;][\/vc_column_inner][vc_column_inner width=&#8221;1\/3&#8243;]<div class='q_icon_with_title medium normal_icon '><div class=\"icon_holder q_icon_animation\" style=\" transition-delay: 300ms; -webkit-transition-delay: 300ms; -moz-transition-delay: 300ms; -o-transition-delay: 300ms;\"><span data-icon-type=\"normal\"   style=\"font-size: 38px;\" class=\"qode_iwt_icon_holder q_font_awsome_icon fa-3x  \"><i class=\"qode_icon_font_awesome fa fa-building qode_iwt_icon_element\" style=\"color: #c0c0c0;\" ><\/i><\/span><\/div><div class=\"icon_text_holder\" style=\"\"><div class=\"icon_text_inner\" style=\"\"><h5 class=\"icon_title\" style=\"\">Administrations<\/h5><p style=''>Coll\u00e8ge\/Lyc\u00e9e, Mairie, Services publics,\u2026<\/p><\/div><\/div><\/div>[vc_separator type=&#8221;transparent&#8221; up=&#8221;26&#8243; down=&#8221;0&#8243;][\/vc_column_inner][\/vc_row_inner][vc_row_inner row_type=&#8221;row&#8221; type=&#8221;full_width&#8221; text_align=&#8221;left&#8221; css_animation=&#8221;&#8221;][vc_column_inner width=&#8221;1\/3&#8243;]<div class='q_icon_with_title medium normal_icon '><div class=\"icon_holder q_icon_animation\" style=\" transition-delay: 400ms; -webkit-transition-delay: 400ms; -moz-transition-delay: 400ms; -o-transition-delay: 400ms;\"><span data-icon-type=\"normal\"   style=\"font-size: 38px;\" class=\"qode_iwt_icon_holder q_font_awsome_icon fa-3x  \"><i class=\"qode_icon_font_awesome fa fa-building-o qode_iwt_icon_element\" style=\"color: #c0c0c0;\" ><\/i><\/span><\/div><div class=\"icon_text_holder\" style=\"\"><div class=\"icon_text_inner\" style=\"\"><h5 class=\"icon_title\" style=\"\">Entreprises<\/h5><p style=''>Toutes types d\u2019entreprises CAC40, PME, artisans...<\/p><\/div><\/div><\/div>[vc_separator type=&#8221;transparent&#8221; up=&#8221;26&#8243; down=&#8221;0&#8243;][\/vc_column_inner][vc_column_inner width=&#8221;1\/3&#8243;]<div class='q_icon_with_title medium normal_icon '><div class=\"icon_holder q_icon_animation\" style=\" transition-delay: 700ms; -webkit-transition-delay: 700ms; -moz-transition-delay: 700ms; -o-transition-delay: 700ms;\"><span data-icon-type=\"normal\"   style=\"font-size: 38px;\" class=\"qode_iwt_icon_holder q_font_awsome_icon fa-3x  \"><i class=\"qode_icon_font_awesome fa fa-user qode_iwt_icon_element\" style=\"color: #c0c0c0;\" ><\/i><\/span><\/div><div class=\"icon_text_holder\" style=\"\"><div class=\"icon_text_inner\" style=\"\"><h5 class=\"icon_title\" style=\"\">Particuliers<\/h5><p style=''>Pour des produits de base comme les compresses, thermom\u00e8tres, tensiom\u00e8tres ainsi que des produits de prescription comme les pessaires<\/p><\/div><\/div><\/div>[vc_separator type=&#8221;transparent&#8221; up=&#8221;26&#8243; down=&#8221;0&#8243;][\/vc_column_inner][vc_column_inner width=&#8221;1\/3&#8243;]<div class='q_icon_with_title medium normal_icon '><div class=\"icon_holder q_icon_animation\" style=\" transition-delay: 800ms; -webkit-transition-delay: 800ms; -moz-transition-delay: 800ms; -o-transition-delay: 800ms;\"><span data-icon-type=\"normal\"   style=\"font-size: 38px;\" class=\"qode_iwt_icon_holder q_font_awsome_icon fa-3x  \"><i class=\"qode_icon_font_awesome fa fa-globe qode_iwt_icon_element\" style=\"color: #c0c0c0;\" ><\/i><\/span><\/div><div class=\"icon_text_holder\" style=\"\"><div class=\"icon_text_inner\" style=\"\"><h5 class=\"icon_title\" style=\"\">International<\/h5><p style=''>Europe avec des pays comme l\u2019Allemagne, la Belgique, l\u2019Espagne ainsi que sur les autres continents comme l\u2019Am\u00e9rique du Sud et l\u2019Afrique.<\/p><\/div><\/div><\/div>[vc_separator type=&#8221;transparent&#8221; up=&#8221;26&#8243; down=&#8221;0&#8243;][\/vc_column_inner][\/vc_row_inner][\/vc_column][\/vc_row][vc_row css_animation=&#8221;&#8221; row_type=&#8221;row&#8221; use_row_as_full_screen_section=&#8221;no&#8221; type=&#8221;grid&#8221; angled_section=&#8221;no&#8221; text_align=&#8221;left&#8221; background_image=&#8221;15056&#8243; background_image_as_pattern=&#8221;without_pattern&#8221; background_color=&#8221;#ffffff&#8221; padding_top=&#8221;30&#8243; padding_bottom=&#8221;150&#8243; z_index=&#8221;&#8221;][vc_column][vc_column_text]<\/p>\n<h2 style=\"text-align: center;\">International<\/h2>\n<p>[\/vc_column_text][vc_separator type=&#8221;small&#8221; position=&#8221;center&#8221; up=&#8221;7&#8243; down=&#8221;38&#8243;][vc_column_text]Exportant dans 26 pays, notre ambition est d\u2019accro\u00eetre notre pr\u00e9sence locale \u00e0 l\u2019\u00e9tranger pour faire de Novomed un groupe v\u00e9ritablement multinational, d\u2019abord en Europe, en capitalisant sur les pratiques m\u00e9dicales sp\u00e9cifiques \u00e0 certains pays (forte croissance des interventions gyn\u00e9cologiques en Espagne, m\u00e9decine esth\u00e9tique partout en Europe, etc.), puis dans d\u2019autres continents (Asie notamment).<\/p>\n<p style=\"text-align: center; margin-top: 30px;\"><a  itemprop=\"url\" href=\"\/presence-a-linternational\/\" target=\"_self\" data-hover-background-color=#fff data-hover-border-color=#21308c data-hover-color=#21308c class=\"qbutton  center default\" style=\"color: #ffffff; border-color: #21308c; background-color: #21308c;\">En savoir plus<\/a><\/p>\n<p>[\/vc_column_text][vc_separator type=&#8221;transparent&#8221; up=&#8221;35&#8243; down=&#8221;22&#8243;][vc_separator type=&#8221;transparent&#8221; up=&#8221;-35&#8243; down=&#8221;0&#8243;][\/vc_column][\/vc_row]<\/p>\n","protected":false},"excerpt":{"rendered":"<p>[vc_row css_animation=&#8221;&#8221; row_type=&#8221;row&#8221; use_row_as_full_screen_section=&#8221;no&#8221; type=&#8221;grid&#8221; angled_section=&#8221;no&#8221; text_align=&#8221;left&#8221; background_image_as_pattern=&#8221;without_pattern&#8221; background_color=&#8221;#ffffff&#8221; padding_top=&#8221;87&#8243; padding_bottom=&#8221;34&#8243; el_id=&#8221;groupe&#8221; z_index=&#8221;&#8221;][vc_column][vc_column_text] Le groupe Novomed [\/vc_column_text][vc_separator type=&#8221;small&#8221; position=&#8221;center&#8221; up=&#8221;7&#8243; down=&#8221;38&#8243;][vc_column_text]Fond\u00e9 en 1993, Novomed Group est le n\u00b01 fran\u00e7ais de la conception et de la distribution par correspondance de mat\u00e9riel m\u00e9dical aupr\u00e8s des professionnels de&#8230;<\/p>\n","protected":false},"author":1,"featured_media":0,"parent":0,"menu_order":0,"comment_status":"open","ping_status":"open","template":"full_width.php","meta":{"footnotes":""},"class_list":["post-14468","page","type-page","status-publish","hentry"],"_links":{"self":[{"href":"https:\/\/www.novomedgroup.com\/index.php?rest_route=\/wp\/v2\/pages\/14468","targetHints":{"allow":["GET"]}}],"collection":[{"href":"https:\/\/www.novomedgroup.com\/index.php?rest_route=\/wp\/v2\/pages"}],"about":[{"href":"https:\/\/www.novomedgroup.com\/index.php?rest_route=\/wp\/v2\/types\/page"}],"author":[{"embeddable":true,"href":"https:\/\/www.novomedgroup.com\/index.php?rest_route=\/wp\/v2\/users\/1"}],"replies":[{"embeddable":true,"href":"https:\/\/www.novomedgroup.com\/index.php?rest_route=%2Fwp%2Fv2%2Fcomments&post=14468"}],"version-history":[{"count":44,"href":"https:\/\/www.novomedgroup.com\/index.php?rest_route=\/wp\/v2\/pages\/14468\/revisions"}],"predecessor-version":[{"id":15592,"href":"https:\/\/www.novomedgroup.com\/index.php?rest_route=\/wp\/v2\/pages\/14468\/revisions\/15592"}],"wp:attachment":[{"href":"https:\/\/www.novomedgroup.com\/index.php?rest_route=%2Fwp%2Fv2%2Fmedia&parent=14468"}],"curies":[{"name":"wp","href":"https:\/\/api.w.org\/{rel}","templated":true}]}}