{"id":15008,"date":"2020-07-20T14:25:14","date_gmt":"2020-07-20T12:25:14","guid":{"rendered":"http:\/\/www.novomed.fr\/?page_id=15008"},"modified":"2025-05-19T15:25:47","modified_gmt":"2025-05-19T13:25:47","slug":"marques","status":"publish","type":"page","link":"https:\/\/www.novomedgroup.com\/?page_id=15008&lang=fr","title":{"rendered":"Nos marques"},"content":{"rendered":"<p>[vc_row css_animation=&#8221;&#8221; row_type=&#8221;row&#8221; use_row_as_full_screen_section=&#8221;no&#8221; type=&#8221;full_width&#8221; angled_section=&#8221;no&#8221; text_align=&#8221;left&#8221; background_image_as_pattern=&#8221;without_pattern&#8221; background_color=&#8221;rgba(255,255,255,0.01)&#8221; padding_top=&#8221;20&#8243; padding_bottom=&#8221;20&#8243; z_index=&#8221;&#8221;][vc_column width=&#8221;2\/3&#8243;][vc_column_text]<\/p>\n<h3><strong><img loading=\"lazy\" decoding=\"async\" class=\" wp-image-15013 alignleft\" src=\"http:\/\/www.novomed.fr\/wp-content\/uploads\/2020\/07\/logo-LCH-BLEU-PETIT-150x150.jpg\" alt=\"\" width=\"100\" height=\"100\" srcset=\"https:\/\/www.novomedgroup.com\/wp-content\/uploads\/2020\/07\/logo-LCH-BLEU-PETIT-150x150.jpg 150w, https:\/\/www.novomedgroup.com\/wp-content\/uploads\/2020\/07\/logo-LCH-BLEU-PETIT.jpg 227w\" sizes=\"auto, (max-width: 100px) 100vw, 100px\" \/>LCH Medical Products<\/strong><\/h3>\n<hr \/>\n<p>Fond\u00e9e en 1993, l\u2019enseigne est l\u2019entit\u00e9 historique de Novomed et elle constitue le bras industriel du groupe. Concepteur et fabricant, LCH Medical Products propose diff\u00e9rentes gammes de produits \u00e0 usage unique permettant \u00e0 am\u00e9liorer la qualit\u00e9 des soins et \u00e0 lutter contre les infections nosocomiales\u00a0:<\/p>\n<ul>\n<li>Sets de Soins et Instruments st\u00e9riles \u00e0 usage unique : LCH Medical Products propose une tr\u00e8s large gamme de kits et d\u2019instruments, chacun adapt\u00e9 \u00e0 un acte m\u00e9dical pr\u00e9cis et tous d\u00e9velopp\u00e9s en lien avec les praticiens.<\/li>\n<li>Compresses et pansements st\u00e9riles.<\/li>\n<li>Masques respiratoires \u00e0 usage unique<\/li>\n<li>Gants m\u00e9dicaux \u00e0 usage unique (st\u00e9riles et non st\u00e9riles)<\/li>\n<li>Habillage m\u00e9dical<\/li>\n<\/ul>\n<p>[\/vc_column_text][\/vc_column][vc_column width=&#8221;1\/3&#8243;][vc_column_text]<\/p>\n<p style=\"text-align: center;\"><strong><a href=\"https:\/\/fr.calameo.com\/read\/005160800de1889877dc3\" target=\"_blank\" rel=\"noopener\">T\u00e9l\u00e9charger notre catalogue<\/a><\/strong><\/p>\n<p>[\/vc_column_text][vc_single_image image=&#8221;15489&#8243; img_size=&#8221;full&#8221; alignment=&#8221;center&#8221; onclick=&#8221;custom_link&#8221; img_link_target=&#8221;_blank&#8221; qode_css_animation=&#8221;&#8221; link=&#8221;https:\/\/fr.calameo.com\/read\/005160800de1889877dc3&#8243;][vc_empty_space][vc_column_text]<\/p>\n<p style=\"text-align: center;\"><a  itemprop=\"url\" href=\"https:\/\/www.lch-medical.com\" target=\"_blank\" data-hover-background-color=#fff data-hover-border-color=#0473AA data-hover-color=#0473AA class=\"qbutton  center default\" style=\"color: #fff; border-color: #0473AA; margin: auto; background-color: #0473AA;\">Visiter le site<i class=\"qode_icon_font_awesome fa fa-arrow-right qode_button_icon_element\" style=\"\" ><\/i><\/a><\/p>\n<p>[\/vc_column_text][\/vc_column][\/vc_row][vc_row css_animation=&#8221;&#8221; row_type=&#8221;row&#8221; use_row_as_full_screen_section=&#8221;no&#8221; type=&#8221;full_width&#8221; angled_section=&#8221;no&#8221; text_align=&#8221;left&#8221; background_image_as_pattern=&#8221;without_pattern&#8221; background_color=&#8221;rgba(255,255,255,0.01)&#8221; padding_top=&#8221;20&#8243; padding_bottom=&#8221;20&#8243; z_index=&#8221;&#8221;][vc_column width=&#8221;2\/3&#8243;][vc_column_text]<\/p>\n<h3><img loading=\"lazy\" decoding=\"async\" class=\" wp-image-15011 alignleft\" src=\"http:\/\/www.novomed.fr\/wp-content\/uploads\/2020\/07\/Gyneas_logo_web-300x77.png\" alt=\"\" width=\"171\" height=\"44\" srcset=\"https:\/\/www.novomedgroup.com\/wp-content\/uploads\/2020\/07\/Gyneas_logo_web-300x77.png 300w, https:\/\/www.novomedgroup.com\/wp-content\/uploads\/2020\/07\/Gyneas_logo_web.png 372w\" sizes=\"auto, (max-width: 171px) 100vw, 171px\" \/>Gyn\u00e9as<\/h3>\n<hr \/>\n<p>Fond\u00e9 en 2000, Gyneas est le num\u00e9ro un fran\u00e7ais de la fourniture de dispositifs m\u00e9dicaux gyn\u00e9cologiques et obst\u00e9triques en ville et \u00e0 l\u2019h\u00f4pital. Concepteur et fabricant de ses principales gammes, Gyneas a d\u00e9velopp\u00e9 de nouveaux relais de croissance avec les sages-femmes et les patientes par le biais de la prescription m\u00e9dicale.<\/p>\n<p>Tous les produits ont \u00e9t\u00e9 d\u00e9velopp\u00e9 en collaboration \u00e9troite avec des gyn\u00e9cologues et des sages-femmes. Gyneas apporte sans cesse un esprit d\u2019innovation permanent qui fait de lui un avant-gardiste sur la sp\u00e9cialit\u00e9.<\/p>\n<p>Quelques exemples de produits :<\/p>\n<ul>\n<li>Instruments d\u2019exploration fonctionnelle<\/li>\n<li>Large gamme de sp\u00e9culums \u00e0 usage unique<\/li>\n<li>Sets de gyn\u00e9cologie<\/li>\n<li>Ventouse obst\u00e9tricale<\/li>\n<li>IVG<\/li>\n<li>Instrumentation sp\u00e9cifique (biopsie, \u2026)<\/li>\n<li>Imageries\/\u00e9chographes de haute technologie<\/li>\n<li>Dispositifs de r\u00e9\u00e9ducation p\u00e9rin\u00e9ale<\/li>\n<li>Etc\u2026<\/li>\n<\/ul>\n<p>Gyneas s\u2019enrichit des contacts \u00e9troits et des \u00e9changes permanents avec les professionnels de ces disciplines, notamment lors des salons, pour d\u00e9velopper de nouveaux produits et r\u00e9f\u00e9rencer les derni\u00e8res innovations. Il constitue l\u2019offre la plus importante du march\u00e9 via son large catalogue faisant de lui un one-stop-shop attractif.[\/vc_column_text][\/vc_column][vc_column width=&#8221;1\/3&#8243;][vc_column_text]<\/p>\n<p style=\"text-align: center;\"><strong><a href=\"https:\/\/cutt.ly\/gyn-311\" target=\"_blank\" rel=\"noopener\">T\u00e9l\u00e9charger notre catalogue<\/a><\/strong><\/p>\n<p>[\/vc_column_text][vc_single_image image=&#8221;15487&#8243; img_size=&#8221;full&#8221; alignment=&#8221;center&#8221; onclick=&#8221;custom_link&#8221; img_link_target=&#8221;_blank&#8221; qode_css_animation=&#8221;&#8221; link=&#8221;https:\/\/cutt.ly\/gyn-311&#8243;][vc_empty_space][vc_column_text]<\/p>\n<p style=\"text-align: center;\"><a  itemprop=\"url\" href=\"https:\/\/www.gyneas.com\" target=\"_blank\" data-hover-background-color=#fff data-hover-border-color=#0473AA data-hover-color=#0473AA class=\"qbutton  center default\" style=\"color: #fff; border-color: #0473AA; margin: auto; background-color: #0473AA;\">Visiter le site<i class=\"qode_icon_font_awesome fa fa-arrow-right qode_button_icon_element\" style=\"\" ><\/i><\/a><\/p>\n<p>[\/vc_column_text][\/vc_column][\/vc_row][vc_row css_animation=&#8221;&#8221; row_type=&#8221;row&#8221; use_row_as_full_screen_section=&#8221;no&#8221; type=&#8221;full_width&#8221; angled_section=&#8221;no&#8221; text_align=&#8221;left&#8221; background_image_as_pattern=&#8221;without_pattern&#8221; background_color=&#8221;rgba(255,255,255,0.01)&#8221; padding_top=&#8221;20&#8243; padding_bottom=&#8221;20&#8243; z_index=&#8221;&#8221;][vc_column width=&#8221;2\/3&#8243;][vc_column_text]<\/p>\n<h3><img loading=\"lazy\" decoding=\"async\" class=\"wp-image-15012 alignleft\" src=\"http:\/\/www.novomed.fr\/wp-content\/uploads\/2020\/07\/Laboderm_logo-300x79.png\" alt=\"\" width=\"186\" height=\"49\" srcset=\"https:\/\/www.novomedgroup.com\/wp-content\/uploads\/2020\/07\/Laboderm_logo-300x79.png 300w, https:\/\/www.novomedgroup.com\/wp-content\/uploads\/2020\/07\/Laboderm_logo-768x202.png 768w, https:\/\/www.novomedgroup.com\/wp-content\/uploads\/2020\/07\/Laboderm_logo-1024x270.png 1024w, https:\/\/www.novomedgroup.com\/wp-content\/uploads\/2020\/07\/Laboderm_logo-700x184.png 700w, https:\/\/www.novomedgroup.com\/wp-content\/uploads\/2020\/07\/Laboderm_logo.png 1933w\" sizes=\"auto, (max-width: 186px) 100vw, 186px\" \/>Laboderm<\/h3>\n<hr \/>\n<p>Fond\u00e9 en 2002, Laboderm est le leader fran\u00e7ais de dispositifs de dermatologie. Une nouvelle orientation compl\u00e9mentaire a \u00e9t\u00e9 port\u00e9e vers la m\u00e9decine esth\u00e9tique.<\/p>\n<p>Laboderm est concepteur et fabricant de produits innovants \u00e0 destination des dermatologues et des m\u00e9decins esth\u00e9tiques, tels que\u00a0:<\/p>\n<ul>\n<li>Sets de soins et instruments sp\u00e9cifiques \u00e0 usage unique d\u00e9di\u00e9s aux actes dermatologiques, esth\u00e9tiques ou v\u00e9n\u00e9rologiques (biopsie, suture, intervention, \u2026)<\/li>\n<li>L\u2019esth\u00e9ticPen, une innovation dans le domaine de la micro-puncture ciblant de nombreux affaiblissements du derme\u00a0: rides, cicatrices, pores rel\u00e2ch\u00e9s.<\/li>\n<li>Canules de comblements, pour une injection tout en douceur<\/li>\n<\/ul>\n<p>[\/vc_column_text][\/vc_column][vc_column width=&#8221;1\/3&#8243;][vc_column_text]<\/p>\n<p style=\"text-align: center;\"><strong><a href=\"https:\/\/cutt.ly\/lab-360\" target=\"_blank\" rel=\"noopener\">T\u00e9l\u00e9charger notre catalogue<\/a><\/strong><\/p>\n<p>[\/vc_column_text][vc_single_image image=&#8221;15486&#8243; img_size=&#8221;full&#8221; alignment=&#8221;center&#8221; onclick=&#8221;custom_link&#8221; img_link_target=&#8221;_blank&#8221; qode_css_animation=&#8221;&#8221; link=&#8221;https:\/\/cutt.ly\/lab-360&#8243;][vc_empty_space][vc_column_text]<\/p>\n<p style=\"text-align: center;\"><a  itemprop=\"url\" href=\"https:\/\/www.laboderm.fr\" target=\"_blank\" data-hover-background-color=#fff data-hover-border-color=#0473AA data-hover-color=#0473AA class=\"qbutton  center default\" style=\"color: #fff; border-color: #0473AA; margin: auto; background-color: #0473AA;\">Visiter le site<i class=\"qode_icon_font_awesome fa fa-arrow-right qode_button_icon_element\" style=\"\" ><\/i><\/a><\/p>\n<p>[\/vc_column_text][\/vc_column][\/vc_row][vc_row css_animation=&#8221;&#8221; row_type=&#8221;row&#8221; use_row_as_full_screen_section=&#8221;no&#8221; type=&#8221;full_width&#8221; angled_section=&#8221;no&#8221; text_align=&#8221;left&#8221; background_image_as_pattern=&#8221;without_pattern&#8221; background_color=&#8221;rgba(255,255,255,0.01)&#8221; padding_top=&#8221;20&#8243; padding_bottom=&#8221;20&#8243; z_index=&#8221;&#8221;][vc_column width=&#8221;2\/3&#8243;][vc_column_text]<\/p>\n<h3><img loading=\"lazy\" decoding=\"async\" class=\"wp-image-15010 alignleft\" src=\"http:\/\/www.novomed.fr\/wp-content\/uploads\/2020\/07\/NMmedical_logo_2017-ok-300x77.png\" alt=\"\" width=\"176\" height=\"45\" srcset=\"https:\/\/www.novomedgroup.com\/wp-content\/uploads\/2020\/07\/NMmedical_logo_2017-ok-300x77.png 300w, https:\/\/www.novomedgroup.com\/wp-content\/uploads\/2020\/07\/NMmedical_logo_2017-ok-768x197.png 768w, https:\/\/www.novomedgroup.com\/wp-content\/uploads\/2020\/07\/NMmedical_logo_2017-ok-1024x262.png 1024w, https:\/\/www.novomedgroup.com\/wp-content\/uploads\/2020\/07\/NMmedical_logo_2017-ok-700x179.png 700w\" sizes=\"auto, (max-width: 176px) 100vw, 176px\" \/>\u00a0<strong>NM M\u00e9dical<\/strong><\/h3>\n<hr \/>\n<p>Fond\u00e9 en 1978 et rejoignant la galaxie Novomed en 2017, NM M\u00e9dical (ex-Mediq France) est le leader de la distribution de mat\u00e9riel m\u00e9dical aux professions lib\u00e9rales en g\u00e9n\u00e9ral (m\u00e9decins, infirmi\u00e8res, etc), et plus particuli\u00e8rement aux m\u00e9decins g\u00e9n\u00e9ralistes.<\/p>\n<p>Toujours \u00e0 l\u2019affut des derni\u00e8res innovations dans le domaine m\u00e9dical et int\u00e9gr\u00e9 \u00e0 un large r\u00e9seau international de fournisseurs, NM M\u00e9dical propose l\u2019offre produit la plus large du march\u00e9\u00a0: du diagnostic \u00e0 l\u2019\u00e9quipement m\u00e9dical en passant par des produits de soin, d\u2019injection, les terminaux de cartes Vitale et tous les produits essentiels \u00e0 la vie du cabinet m\u00e9dical.<\/p>\n<p>NM M\u00e9dical est LE one-stop-shop de tous les cabinets m\u00e9dicaux, avec plus de 12 000 r\u00e9f\u00e9rences en stock et s\u00e9lectionn\u00e9es selon des crit\u00e8res stricts de qualit\u00e9, de performance et de durabilit\u00e9.<\/p>\n<p>NM M\u00e9dical adresse une offre en direction des collectivit\u00e9s\u00a0(h\u00f4pitaux, cliniques, administrations, entreprises et centres de soins, \u2026).<\/p>\n<p>Au c\u0153ur des diff\u00e9rents \u00e9cosyst\u00e8mes de sant\u00e9, NM M\u00e9dical a constamment cherch\u00e9 \u00e0 am\u00e9liorer ses services, que ce soit au travers du conseil aux professionnels, de la formation aux produits ou de son service apr\u00e8s-vente hyper-r\u00e9actif. C\u2019est ce qui en fait aujourd\u2019hui le leader aupr\u00e8s de la m\u00e9decine de ville.[\/vc_column_text][\/vc_column][vc_column width=&#8221;1\/3&#8243;][vc_column_text]<\/p>\n<p style=\"text-align: center;\"><strong><a href=\"https:\/\/cutt.ly\/nm-153\" target=\"_blank\" rel=\"noopener\">T\u00e9l\u00e9charger notre catalogue<\/a><\/strong><\/p>\n<p>[\/vc_column_text][vc_single_image image=&#8221;15488&#8243; img_size=&#8221;full&#8221; alignment=&#8221;center&#8221; onclick=&#8221;custom_link&#8221; img_link_target=&#8221;_blank&#8221; qode_css_animation=&#8221;&#8221; link=&#8221;https:\/\/cutt.ly\/nm-153&#8243;][vc_empty_space][vc_column_text]<\/p>\n<p style=\"text-align: center;\"><a  itemprop=\"url\" href=\"https:\/\/www.nmmedical.fr\" target=\"_blank\" data-hover-background-color=#fff data-hover-border-color=#0473AA data-hover-color=#0473AA class=\"qbutton  center default\" style=\"color: #fff; border-color: #0473AA; margin: auto; background-color: #0473AA;\">Visiter le site<i class=\"qode_icon_font_awesome fa fa-arrow-right qode_button_icon_element\" style=\"\" ><\/i><\/a><\/p>\n<p>[\/vc_column_text][\/vc_column][\/vc_row][vc_row css_animation=&#8221;&#8221; row_type=&#8221;row&#8221; use_row_as_full_screen_section=&#8221;no&#8221; type=&#8221;full_width&#8221; angled_section=&#8221;no&#8221; text_align=&#8221;left&#8221; background_image_as_pattern=&#8221;without_pattern&#8221; background_color=&#8221;rgba(255,255,255,0.01)&#8221; padding_top=&#8221;20&#8243; padding_bottom=&#8221;20&#8243; z_index=&#8221;&#8221;][vc_column width=&#8221;2\/3&#8243;][vc_column_text]<\/p>\n<h3 id=\"kinessonne\"><strong><img loading=\"lazy\" decoding=\"async\" class=\"wp-image-15072 alignleft\" src=\"http:\/\/www.novomed.fr\/wp-content\/uploads\/2020\/07\/kinessonne-300x65.png\" alt=\"\" width=\"198\" height=\"43\" \/>Kinessonne<\/strong><\/h3>\n<hr \/>\n<p>Kinessonne est le sp\u00e9cialiste du mat\u00e9riel de kin\u00e9sith\u00e9rapie, ost\u00e9opathie et orthop\u00e9die au sein du groupe Novomed. L\u2019offre de Kinessonne s\u2019articule autour de diverses gammes de produits utilis\u00e9s en cabinets de kin\u00e9s et en centres de r\u00e9\u00e9ducation fonctionnelle\u00a0:<\/p>\n<ul>\n<li>Tables et huiles de massage<\/li>\n<li>Produits d\u2019\u00e9lectroth\u00e9rapie<\/li>\n<li>Diff\u00e9rentes gammes de cr\u00e8mes de massage<\/li>\n<li>Cryoth\u00e9rapie et thermoth\u00e9rapie<\/li>\n<li>Mat\u00e9riel de r\u00e9\u00e9ducation<\/li>\n<li>Etc\u2026<\/li>\n<\/ul>\n<p>[\/vc_column_text][\/vc_column][vc_column width=&#8221;1\/3&#8243;][vc_column_text]<\/p>\n<p style=\"text-align: center;\"><strong><a href=\"https:\/\/cutt.ly\/kine-545\" target=\"_blank\" rel=\"noopener\">T\u00e9l\u00e9charger notre catalogue<\/a><\/strong><\/p>\n<p>[\/vc_column_text][vc_single_image image=&#8221;15485&#8243; img_size=&#8221;166&#215;209&#8243; alignment=&#8221;center&#8221; onclick=&#8221;custom_link&#8221; img_link_target=&#8221;_blank&#8221; qode_css_animation=&#8221;&#8221; link=&#8221;https:\/\/cutt.ly\/kine-545&#8243;][vc_empty_space][vc_column_text]<\/p>\n<p style=\"text-align: center;\"><a  itemprop=\"url\" href=\"https:\/\/www.kinessonne.com\" target=\"_blank\" data-hover-background-color=#fff data-hover-border-color=#0473AA data-hover-color=#0473AA class=\"qbutton  center default\" style=\"color: #fff; border-color: #0473AA; margin: auto; background-color: #0473AA;\">Visiter le site<i class=\"qode_icon_font_awesome fa fa-arrow-right qode_button_icon_element\" style=\"\" ><\/i><\/a><\/p>\n<p>[\/vc_column_text][\/vc_column][\/vc_row]<\/p>\n","protected":false},"excerpt":{"rendered":"<p>[vc_row css_animation=&#8221;&#8221; row_type=&#8221;row&#8221; use_row_as_full_screen_section=&#8221;no&#8221; type=&#8221;full_width&#8221; angled_section=&#8221;no&#8221; text_align=&#8221;left&#8221; background_image_as_pattern=&#8221;without_pattern&#8221; background_color=&#8221;rgba(255,255,255,0.01)&#8221; padding_top=&#8221;20&#8243; padding_bottom=&#8221;20&#8243; z_index=&#8221;&#8221;][vc_column width=&#8221;2\/3&#8243;][vc_column_text] LCH Medical Products Fond\u00e9e en 1993, l\u2019enseigne est l\u2019entit\u00e9 historique de Novomed et elle constitue le bras industriel du groupe. Concepteur et fabricant, LCH Medical Products propose diff\u00e9rentes gammes de produits \u00e0&#8230;<\/p>\n","protected":false},"author":1,"featured_media":0,"parent":0,"menu_order":0,"comment_status":"closed","ping_status":"closed","template":"","meta":{"footnotes":""},"class_list":["post-15008","page","type-page","status-publish","hentry"],"_links":{"self":[{"href":"https:\/\/www.novomedgroup.com\/index.php?rest_route=\/wp\/v2\/pages\/15008","targetHints":{"allow":["GET"]}}],"collection":[{"href":"https:\/\/www.novomedgroup.com\/index.php?rest_route=\/wp\/v2\/pages"}],"about":[{"href":"https:\/\/www.novomedgroup.com\/index.php?rest_route=\/wp\/v2\/types\/page"}],"author":[{"embeddable":true,"href":"https:\/\/www.novomedgroup.com\/index.php?rest_route=\/wp\/v2\/users\/1"}],"replies":[{"embeddable":true,"href":"https:\/\/www.novomedgroup.com\/index.php?rest_route=%2Fwp%2Fv2%2Fcomments&post=15008"}],"version-history":[{"count":17,"href":"https:\/\/www.novomedgroup.com\/index.php?rest_route=\/wp\/v2\/pages\/15008\/revisions"}],"predecessor-version":[{"id":15581,"href":"https:\/\/www.novomedgroup.com\/index.php?rest_route=\/wp\/v2\/pages\/15008\/revisions\/15581"}],"wp:attachment":[{"href":"https:\/\/www.novomedgroup.com\/index.php?rest_route=%2Fwp%2Fv2%2Fmedia&parent=15008"}],"curies":[{"name":"wp","href":"https:\/\/api.w.org\/{rel}","templated":true}]}}