{"id":15231,"date":"2020-07-24T15:27:41","date_gmt":"2020-07-24T13:27:41","guid":{"rendered":"https:\/\/www.novomedgroup.com\/?page_id=15231"},"modified":"2024-09-10T14:22:27","modified_gmt":"2024-09-10T12:22:27","slug":"groupe-novomed-materiel-medical","status":"publish","type":"page","link":"https:\/\/www.novomedgroup.com\/?page_id=15231&lang=fr","title":{"rendered":"Le Groupe Novomed"},"content":{"rendered":"<p>[vc_row css_animation=&#8221;&#8221; row_type=&#8221;row&#8221; use_row_as_full_screen_section=&#8221;no&#8221; type=&#8221;grid&#8221; angled_section=&#8221;no&#8221; text_align=&#8221;left&#8221; background_image_as_pattern=&#8221;without_pattern&#8221; background_color=&#8221;#ffffff&#8221; padding_top=&#8221;87&#8243; padding_bottom=&#8221;0&#8243; z_index=&#8221;&#8221;][vc_column][vc_column_text]<\/p>\n<h2 style=\"text-align: center;\">HISTORIQUE<\/h2>\n<p>[\/vc_column_text][vc_separator type=&#8221;small&#8221; position=&#8221;center&#8221; up=&#8221;7&#8243; down=&#8221;38&#8243;][vc_column_text]Fond\u00e9 en 1993 par Herv\u00e9 et Didier Liebermann, Novomed Group est le n\u00b01 fran\u00e7ais de la conception et de la fourniture \u00e0 distance de mat\u00e9riel m\u00e9dical aupr\u00e8s des professionnels de sant\u00e9, m\u00e9decins lib\u00e9raux et hospitaliers.<\/p>\n<p>Historiquement, Novomed Group s\u2019est donn\u00e9 pour mission de faire reculer les maladies nosocomiales dans les espaces de soin en innovant au travers de ses gammes propres de sets<strong> de soins &amp; instruments st\u00e9riles \u00e0 usage unique<\/strong>, puis dans l\u2019\u00e9laboration<strong> d\u2019\u00e9quipements de dispositifs m\u00e9dicaux de protection individuelle<\/strong> (masques, gants, surblouses, charlottes, etc.).<\/p>\n<p>Le groupe a rapidement connu une forte croissance d\u00e8s les ann\u00e9es 90 en \u00e9largissant son offre produits pour en faire le one-stop-shop de tous les professionnels de sant\u00e9. Son esprit d\u2019innovation permanent l\u2019a \u00e9galement amen\u00e9 \u00e0 structurer un <strong>portefeuille de marques et de brevets particuli\u00e8rement riche<\/strong> et \u00e0 concevoir des dispositifs m\u00e9dicaux innovants plus particuli\u00e8rement dans les domaines de la gyn\u00e9cologie et la dermatologie.<\/p>\n<p>Sp\u00e9cialiste de la vente \u00e0 distance d\u00e8s l\u2019origine, la digitalisation de Novomed \u00e9tait une suite \u00e9vidente pour le groupe.<\/p>\n<p><strong>Aujourd\u2019hui, Novomed s\u2019est d\u00e9velopp\u00e9 sur diff\u00e9rentes verticales m\u00e9dicales<\/strong>: hospitalier, m\u00e9decine lib\u00e9rale g\u00e9n\u00e9raliste et sp\u00e9cialis\u00e9e, kin\u00e9sith\u00e9rapie, cardiologie, radiologie mais aussi centres de soins&#8230;<\/p>\n<p>Apr\u00e8s \u00eatre devenu leader national, l\u2019ambition du groupe est de devenir un acteur europ\u00e9en de premier plan tout en continuant \u00e0 innover pour accompagner au mieux les besoins des professionnels de sant\u00e9.<\/p>\n<p>Novomed a \u00e9t\u00e9 particuli\u00e8rement sollicit\u00e9 et r\u00e9actif pendant la <strong>crise du covid-19<\/strong> pour faire face \u00e0 une <strong>demande sans pr\u00e9c\u00e9dent des professionnels de sant\u00e9.<\/strong><\/p>\n<p>A date, Novomed propose plus de <strong>12\u00a0000 r\u00e9f\u00e9rences<\/strong>, autour de 6 enseignes sp\u00e9cialis\u00e9es sur des segments m\u00e9dicaux\u00a0:<\/p>\n<ul>\n<li><strong>LCH<\/strong> <strong>Medical Products<\/strong>, dispositifs m\u00e9dicaux de soins\u00a0et de protection<\/li>\n<li><strong>Gyneas<\/strong>, dispositifs m\u00e9dicaux de gyn\u00e9cologie\/ obst\u00e9trique<\/li>\n<li><strong>Laboderm<\/strong>, dispositifs m\u00e9dicaux de dermatologie et de m\u00e9decine esth\u00e9tique<\/li>\n<li><strong>NM M\u00e9dical<\/strong>, dispositifs m\u00e9dicaux g\u00e9n\u00e9ralistes<\/li>\n<li><strong>Kinessonne<\/strong>, mat\u00e9riel de kin\u00e9sith\u00e9rapie.<\/li>\n<li><strong>Moraz,<\/strong> produits dermo-cosm\u00e9tiques<\/li>\n<\/ul>\n<p>[\/vc_column_text][\/vc_column][\/vc_row][vc_row css_animation=&#8221;&#8221; row_type=&#8221;row&#8221; use_row_as_full_screen_section=&#8221;no&#8221; type=&#8221;grid&#8221; angled_section=&#8221;no&#8221; text_align=&#8221;left&#8221; background_image_as_pattern=&#8221;without_pattern&#8221; background_color=&#8221;#ffffff&#8221; padding_top=&#8221;20&#8243; padding_bottom=&#8221;0&#8243; z_index=&#8221;&#8221;][vc_column]<div class=\"qode-workflow \">\n    <span class=\"main-line\" style=\"background-color:#1e73be;\"><\/span>\n    <div class=\"qode-workflow-item\">\n    <span class=\"line\" style=\"\"><\/span>\n    <div class=\"qode-workflow-item-inner \">\n        <div class=\"qode-workflow-image left\">\n            <img loading=\"lazy\" decoding=\"async\" width=\"375\" height=\"126\" src=\"https:\/\/www.novomedgroup.com\/wp-content\/uploads\/2020\/07\/novomed-lch.png\" class=\"attachment-full size-full\" alt=\"\" srcset=\"https:\/\/www.novomedgroup.com\/wp-content\/uploads\/2020\/07\/novomed-lch.png 375w, https:\/\/www.novomedgroup.com\/wp-content\/uploads\/2020\/07\/novomed-lch-300x101.png 300w\" sizes=\"auto, (max-width: 375px) 100vw, 375px\" \/>        <\/div>\n        <div class=\"qode-workflow-text\">\n            <span class=\"circle\" style=\"\"><\/span>\n                            <h3>1993<\/h3>\n                                                    <p class=\"text\">Cr\u00e9ation de Novomed Group avec la marque LCH Medical Products, entit\u00e9 historique du groupe sp\u00e9cialis\u00e9e dans les jetables m\u00e9dicaux \u00e0 usage unique<\/p>\n                    <\/div>\n    <\/div>\n<\/div><div class=\"qode-workflow-item\">\n    <span class=\"line\" style=\"\"><\/span>\n    <div class=\"qode-workflow-item-inner reverse\">\n        <div class=\"qode-workflow-image left\">\n            <img loading=\"lazy\" decoding=\"async\" width=\"372\" height=\"95\" src=\"https:\/\/www.novomedgroup.com\/wp-content\/uploads\/2020\/07\/Gyneas_logo_web.png\" class=\"attachment-full size-full\" alt=\"\" srcset=\"https:\/\/www.novomedgroup.com\/wp-content\/uploads\/2020\/07\/Gyneas_logo_web.png 372w, https:\/\/www.novomedgroup.com\/wp-content\/uploads\/2020\/07\/Gyneas_logo_web-300x77.png 300w\" sizes=\"auto, (max-width: 372px) 100vw, 372px\" \/>        <\/div>\n        <div class=\"qode-workflow-text\">\n            <span class=\"circle\" style=\"\"><\/span>\n                            <h3>1999<\/h3>\n                                                    <p class=\"text\">Cr\u00e9ation de Gyneas, d\u00e9di\u00e9 \u00e0 la gyn\u00e9cologie et \u00e0 l&#039;obst\u00e9trique<\/p>\n                    <\/div>\n    <\/div>\n<\/div><div class=\"qode-workflow-item\">\n    <span class=\"line\" style=\"\"><\/span>\n    <div class=\"qode-workflow-item-inner \">\n        <div class=\"qode-workflow-image left\">\n            <img loading=\"lazy\" decoding=\"async\" width=\"1933\" height=\"509\" src=\"https:\/\/www.novomedgroup.com\/wp-content\/uploads\/2020\/07\/Laboderm_logo.png\" class=\"attachment-full size-full\" alt=\"\" srcset=\"https:\/\/www.novomedgroup.com\/wp-content\/uploads\/2020\/07\/Laboderm_logo.png 1933w, https:\/\/www.novomedgroup.com\/wp-content\/uploads\/2020\/07\/Laboderm_logo-300x79.png 300w, https:\/\/www.novomedgroup.com\/wp-content\/uploads\/2020\/07\/Laboderm_logo-768x202.png 768w, https:\/\/www.novomedgroup.com\/wp-content\/uploads\/2020\/07\/Laboderm_logo-1024x270.png 1024w, https:\/\/www.novomedgroup.com\/wp-content\/uploads\/2020\/07\/Laboderm_logo-700x184.png 700w\" sizes=\"auto, (max-width: 1933px) 100vw, 1933px\" \/>        <\/div>\n        <div class=\"qode-workflow-text\">\n            <span class=\"circle\" style=\"\"><\/span>\n                            <h3>2002<\/h3>\n                                                    <p class=\"text\">Cr\u00e9ation de Laboderm, d\u00e9di\u00e9 \u00e0 la dermatologie et \u00e0 la m\u00e9decine esth\u00e9tique. Inauguration de la plateforme logistique de Goussainville, pr\u00e8s de l&#039;a\u00e9roport Roissy-CDG<\/p>\n                    <\/div>\n    <\/div>\n<\/div><div class=\"qode-workflow-item\">\n    <span class=\"line\" style=\"\"><\/span>\n    <div class=\"qode-workflow-item-inner \">\n        <div class=\"qode-workflow-image left\">\n            <img loading=\"lazy\" decoding=\"async\" width=\"2407\" height=\"617\" src=\"https:\/\/www.novomedgroup.com\/wp-content\/uploads\/2020\/07\/NMmedical_logo_2017-ok.png\" class=\"attachment-full size-full\" alt=\"\" srcset=\"https:\/\/www.novomedgroup.com\/wp-content\/uploads\/2020\/07\/NMmedical_logo_2017-ok.png 2407w, https:\/\/www.novomedgroup.com\/wp-content\/uploads\/2020\/07\/NMmedical_logo_2017-ok-300x77.png 300w, https:\/\/www.novomedgroup.com\/wp-content\/uploads\/2020\/07\/NMmedical_logo_2017-ok-768x197.png 768w, https:\/\/www.novomedgroup.com\/wp-content\/uploads\/2020\/07\/NMmedical_logo_2017-ok-1024x262.png 1024w, https:\/\/www.novomedgroup.com\/wp-content\/uploads\/2020\/07\/NMmedical_logo_2017-ok-700x179.png 700w\" sizes=\"auto, (max-width: 2407px) 100vw, 2407px\" \/>        <\/div>\n        <div class=\"qode-workflow-text\">\n            <span class=\"circle\" style=\"\"><\/span>\n                            <h3>2017<\/h3>\n                                                    <p class=\"text\">Acquisition de Mediq France, rebaptis\u00e9e NM Medical, premier distributeur fran\u00e7ais des professionnels de la sant\u00e9.<\/p>\n                    <\/div>\n    <\/div>\n<\/div><div class=\"qode-workflow-item\">\n    <span class=\"line\" style=\"\"><\/span>\n    <div class=\"qode-workflow-item-inner reverse\">\n        <div class=\"qode-workflow-image left\">\n            <img loading=\"lazy\" decoding=\"async\" width=\"300\" height=\"65\" src=\"https:\/\/www.novomedgroup.com\/wp-content\/uploads\/2020\/07\/kinessonne.png\" class=\"attachment-full size-full\" alt=\"\" \/>        <\/div>\n        <div class=\"qode-workflow-text\">\n            <span class=\"circle\" style=\"\"><\/span>\n                            <h3>2017<\/h3>\n                                                    <p class=\"text\">Acquisition de Kinessonne, sp\u00e9cialiste du mat\u00e9riel de kin\u00e9sith\u00e9rapie \u00e0 destination des professionnels de sant\u00e9, kin\u00e9s, ost\u00e9opathes et centres de r\u00e9\u00e9ducation<\/p>\n                    <\/div>\n    <\/div>\n<\/div><\/div>[\/vc_column][\/vc_row][vc_row css_animation=&#8221;&#8221; row_type=&#8221;row&#8221; use_row_as_full_screen_section=&#8221;no&#8221; type=&#8221;grid&#8221; angled_section=&#8221;no&#8221; text_align=&#8221;left&#8221; background_image_as_pattern=&#8221;without_pattern&#8221; background_color=&#8221;#ffffff&#8221; padding_top=&#8221;20&#8243; padding_bottom=&#8221;40&#8243; z_index=&#8221;&#8221;][vc_column][vc_column_text]Le groupe a su s\u2019entourer de professionnels de sant\u00e9 experts pour mieux structurer son offre et concevoir ses produits qui r\u00e9pondent au plus pr\u00e8s des besoins des praticiens.<\/p>\n<p>Aujourd\u2019hui, pas moins de 100.000 clients font confiance \u00e0 Novomed et \u00e0 ses produits pour mieux les accompagner. Fort de sa certification ISO-13485, la satisfaction des professionnels de sant\u00e9 demeure sa pr\u00e9occupation permanente.<\/p>\n<p>Des valeurs fortes animent au quotidien tous les collaborateurs qui s\u2019engagent \u00e0 servir au plus pr\u00e8s des besoins l\u2019ensemble des professionnels de sant\u00e9\u00a0au quotidien. Esprit de service, r\u00e9activit\u00e9, engagement qualit\u00e9, et d\u00e9marche d\u2019innovation sont les mots d\u2019ordre pour faire progresser les pratiques m\u00e9dicales.[\/vc_column_text][\/vc_column][\/vc_row]<\/p>\n","protected":false},"excerpt":{"rendered":"<p>[vc_row css_animation=&#8221;&#8221; row_type=&#8221;row&#8221; use_row_as_full_screen_section=&#8221;no&#8221; type=&#8221;grid&#8221; angled_section=&#8221;no&#8221; text_align=&#8221;left&#8221; background_image_as_pattern=&#8221;without_pattern&#8221; background_color=&#8221;#ffffff&#8221; padding_top=&#8221;87&#8243; padding_bottom=&#8221;0&#8243; z_index=&#8221;&#8221;][vc_column][vc_column_text] HISTORIQUE [\/vc_column_text][vc_separator type=&#8221;small&#8221; position=&#8221;center&#8221; up=&#8221;7&#8243; down=&#8221;38&#8243;][vc_column_text]Fond\u00e9 en 1993 par Herv\u00e9 et Didier Liebermann, Novomed Group est le n\u00b01 fran\u00e7ais de la conception et de la fourniture \u00e0 distance de mat\u00e9riel m\u00e9dical aupr\u00e8s des&#8230;<\/p>\n","protected":false},"author":1,"featured_media":0,"parent":0,"menu_order":0,"comment_status":"closed","ping_status":"closed","template":"full_width.php","meta":{"footnotes":""},"class_list":["post-15231","page","type-page","status-publish","hentry"],"_links":{"self":[{"href":"https:\/\/www.novomedgroup.com\/index.php?rest_route=\/wp\/v2\/pages\/15231","targetHints":{"allow":["GET"]}}],"collection":[{"href":"https:\/\/www.novomedgroup.com\/index.php?rest_route=\/wp\/v2\/pages"}],"about":[{"href":"https:\/\/www.novomedgroup.com\/index.php?rest_route=\/wp\/v2\/types\/page"}],"author":[{"embeddable":true,"href":"https:\/\/www.novomedgroup.com\/index.php?rest_route=\/wp\/v2\/users\/1"}],"replies":[{"embeddable":true,"href":"https:\/\/www.novomedgroup.com\/index.php?rest_route=%2Fwp%2Fv2%2Fcomments&post=15231"}],"version-history":[{"count":6,"href":"https:\/\/www.novomedgroup.com\/index.php?rest_route=\/wp\/v2\/pages\/15231\/revisions"}],"predecessor-version":[{"id":15647,"href":"https:\/\/www.novomedgroup.com\/index.php?rest_route=\/wp\/v2\/pages\/15231\/revisions\/15647"}],"wp:attachment":[{"href":"https:\/\/www.novomedgroup.com\/index.php?rest_route=%2Fwp%2Fv2%2Fmedia&parent=15231"}],"curies":[{"name":"wp","href":"https:\/\/api.w.org\/{rel}","templated":true}]}}