{"id":15547,"date":"2020-09-10T10:05:56","date_gmt":"2020-09-10T08:05:56","guid":{"rendered":"https:\/\/www.novomedgroup.com\/?page_id=15547"},"modified":"2020-09-10T10:08:23","modified_gmt":"2020-09-10T08:08:23","slug":"novomed-group-27-ans-dinnovation-au-service-de-tous-les-professionnels-de-sante","status":"publish","type":"page","link":"https:\/\/www.novomedgroup.com\/?page_id=15547&lang=fr","title":{"rendered":"Novomed Group\u00a0: 27 ans d\u2019innovation au service de tous les professionnels de sant\u00e9"},"content":{"rendered":"<p>En choisissant pour devise \u00ab\u00a0<em>Innovating for a better healthcare<\/em>\u00a0\u00bb, les fr\u00e8res Liebermann, fondateurs du groupe Novomed, ont plac\u00e9 d\u00e8s les origines l\u2019innovation en mati\u00e8re de sant\u00e9 au c\u0153ur de leur d\u00e9marche de croissance. Cette strat\u00e9gie a \u00e9t\u00e9 assidument poursuivie au travers d\u2019investissements importants, chaque ann\u00e9e, en Recherche, D\u00e9veloppement et Innovation. C\u2019est pourquoi Novomed a notamment \u00e9t\u00e9 r\u00e9compens\u00e9 en 2014 du prix d\u2019excellence dans l\u2019innovation de BPI France.<\/p>\n<p>&nbsp;<\/p>\n<p>Disposant aujourd\u2019hui de plus d\u2019une cinquantaine de mod\u00e8les d\u00e9pos\u00e9s, marques et brevet, le groupe Novomed a travaill\u00e9 \u00e0 chaque \u00e9tape de son d\u00e9veloppement en \u00e9troite collaboration avec de nombreux m\u00e9decins partenaires, de la conception \u00e0 la mise sur le march\u00e9 des produits, pour identifier les besoins sp\u00e9cifiques propres \u00e0 chaque sp\u00e9cialit\u00e9 voire \u00e0 chaque acte m\u00e9dical, sonder les souhaits des praticiens d\u00e9sireux d\u2019am\u00e9liorer la qualit\u00e9, la s\u00e9curit\u00e9, et la simplicit\u00e9 de leurs interventions, puis d\u00e9velopper avec eux de nouveaux mod\u00e8les et de nouveaux produits correspondants.<\/p>\n<p>&nbsp;<\/p>\n<p>De la question de la st\u00e9rilisation absolue \u00e0 celle de l\u2019am\u00e9lioration des produits utilis\u00e9s par les m\u00e9decins dans leur pratique m\u00e9dicale quotidienne, l\u2019innovation chez Novomed prend de nombreuses formes\u00a0: invention de nouveaux produits, am\u00e9lioration d\u2019\u00e9quipements existants, mont\u00e9e en gamme au travers de produits m\u00e9dicaux hi-tech\u2026 L\u2019innovation, c\u2019est l\u2019ADN du groupe Novomed.<\/p>\n<p>&nbsp;<\/p>\n<p>Dans cette perspective, le groupe Novomed \u00e9toffe r\u00e9guli\u00e8rement son catalogue produits de cr\u00e9ations innovantes, invent\u00e9es par des fournisseurs partenaires, afin de proposer aux professionnels de sant\u00e9 des gammes de produits novateurs toujours plus larges et toujours plus haut de gamme. De ce point de vue, Novomed est r\u00e9solument un \u00ab\u00a0<em>early adopter<\/em>\u00a0\u00bb de produits innovants&#8230; Parce que nos clients le sont aussi\u00a0!<\/p>\n<p>Enfin, l\u2019innovation existe aussi dans notre d\u00e9marche qualit\u00e9, avec des produits, des stocks et des process contr\u00f4l\u00e9s chaque ann\u00e9e, et progressant au fil des ann\u00e9es avec des exigences r\u00e9glementaires toujours croissantes.<\/p>\n<p>&nbsp;<\/p>\n<p style=\"text-align: center;\"><strong>Innover pour la sant\u00e9, c\u2019est l\u2019engagement n\u00b01 du groupe et \u00e7a ne se d\u00e9mentira jamais.<\/strong><\/p>\n<p>&nbsp;<\/p>\n<p>&nbsp;<\/p>\n","protected":false},"excerpt":{"rendered":"<p>En choisissant pour devise \u00ab\u00a0Innovating for a better healthcare\u00a0\u00bb, les fr\u00e8res Liebermann, fondateurs du groupe Novomed, ont plac\u00e9 d\u00e8s les origines l\u2019innovation en mati\u00e8re de sant\u00e9 au c\u0153ur de leur d\u00e9marche de croissance. Cette strat\u00e9gie a \u00e9t\u00e9 assidument poursuivie au travers d\u2019investissements importants, chaque ann\u00e9e,&#8230;<\/p>\n","protected":false},"author":1,"featured_media":0,"parent":15231,"menu_order":0,"comment_status":"closed","ping_status":"closed","template":"","meta":{"footnotes":""},"class_list":["post-15547","page","type-page","status-publish","hentry"],"_links":{"self":[{"href":"https:\/\/www.novomedgroup.com\/index.php?rest_route=\/wp\/v2\/pages\/15547","targetHints":{"allow":["GET"]}}],"collection":[{"href":"https:\/\/www.novomedgroup.com\/index.php?rest_route=\/wp\/v2\/pages"}],"about":[{"href":"https:\/\/www.novomedgroup.com\/index.php?rest_route=\/wp\/v2\/types\/page"}],"author":[{"embeddable":true,"href":"https:\/\/www.novomedgroup.com\/index.php?rest_route=\/wp\/v2\/users\/1"}],"replies":[{"embeddable":true,"href":"https:\/\/www.novomedgroup.com\/index.php?rest_route=%2Fwp%2Fv2%2Fcomments&post=15547"}],"version-history":[{"count":2,"href":"https:\/\/www.novomedgroup.com\/index.php?rest_route=\/wp\/v2\/pages\/15547\/revisions"}],"predecessor-version":[{"id":15549,"href":"https:\/\/www.novomedgroup.com\/index.php?rest_route=\/wp\/v2\/pages\/15547\/revisions\/15549"}],"up":[{"embeddable":true,"href":"https:\/\/www.novomedgroup.com\/index.php?rest_route=\/wp\/v2\/pages\/15231"}],"wp:attachment":[{"href":"https:\/\/www.novomedgroup.com\/index.php?rest_route=%2Fwp%2Fv2%2Fmedia&parent=15547"}],"curies":[{"name":"wp","href":"https:\/\/api.w.org\/{rel}","templated":true}]}}